{"id":9381,"date":"2024-06-04T12:14:30","date_gmt":"2024-06-04T18:14:30","guid":{"rendered":"https:\/\/apto.mx\/?page_id=9381"},"modified":"2024-09-03T11:46:39","modified_gmt":"2024-09-03T17:46:39","slug":"contacto","status":"publish","type":"page","link":"https:\/\/apto.mx\/en\/contacto\/","title":{"rendered":"Contact Us"},"content":{"rendered":"<div data-elementor-type=\"wp-page\" data-elementor-id=\"9381\" class=\"elementor elementor-9381\" data-elementor-post-type=\"page\">\n\t\t\t\t<div data-dce-background-color=\"#031B3F\" class=\"elementor-element elementor-element-c57b8c2 e-flex e-con-boxed e-con e-parent\" data-id=\"c57b8c2\" data-element_type=\"container\" data-settings=\"{&quot;background_background&quot;:&quot;classic&quot;}\">\n\t\t\t\t\t<div class=\"e-con-inner\">\n\t\t<div data-dce-background-image-url=\"https:\/\/apto.mx\/wp-content\/uploads\/2024\/06\/hero-banner-contacto-2.jpg\" class=\"elementor-element elementor-element-9b4d7a9 e-con-full e-flex e-con e-child\" data-id=\"9b4d7a9\" data-element_type=\"container\" data-settings=\"{&quot;background_background&quot;:&quot;classic&quot;}\">\n\t\t\t\t<div class=\"elementor-element elementor-element-210cdaf elementor-widget__width-initial elementor-hidden-widescreen elementor-hidden-desktop elementor-hidden-laptop elementor-hidden-tablet elementor-widget elementor-widget-heading\" data-id=\"210cdaf\" data-element_type=\"widget\" data-widget_type=\"heading.default\">\n\t\t\t\t<div class=\"elementor-widget-container\">\n\t\t\t\t\t<h2 class=\"elementor-heading-title elementor-size-default\">We are here <br>to do <br>reality you <br>vision of the <br>future<\/h2>\t\t\t\t<\/div>\n\t\t\t\t<\/div>\n\t\t\t\t<div class=\"elementor-element elementor-element-63a3d76 elementor-widget__width-initial elementor-hidden-mobile elementor-widget elementor-widget-heading\" data-id=\"63a3d76\" data-element_type=\"widget\" data-widget_type=\"heading.default\">\n\t\t\t\t<div class=\"elementor-widget-container\">\n\t\t\t\t\t<h2 class=\"elementor-heading-title elementor-size-default\">We are here for<br>make your vision<br>of the future a reality<\/h2>\t\t\t\t<\/div>\n\t\t\t\t<\/div>\n\t\t\t\t<\/div>\n\t\t\t\t\t<\/div>\n\t\t\t\t<\/div>\n\t\t<div class=\"elementor-element elementor-element-b7e3607 e-con-full e-flex e-con e-parent\" data-id=\"b7e3607\" data-element_type=\"container\">\n\t\t\t\t<div class=\"elementor-element elementor-element-86c093b elementor-widget elementor-widget-template\" data-id=\"86c093b\" data-element_type=\"widget\" data-widget_type=\"template.default\">\n\t\t\t\t<div class=\"elementor-widget-container\">\n\t\t\t\t\t\t\t<div class=\"elementor-template\">\n\t\t\t\t\t<div data-elementor-type=\"page\" data-elementor-id=\"14216\" class=\"elementor elementor-14216\" data-elementor-post-type=\"elementor_library\">\n\t\t\t\t<div class=\"elementor-element elementor-element-351d7f5e e-flex e-con-boxed e-con e-parent\" data-id=\"351d7f5e\" data-element_type=\"container\" data-settings=\"{&quot;background_background&quot;:&quot;classic&quot;}\">\n\t\t\t\t\t<div class=\"e-con-inner\">\n\t\t<div class=\"elementor-element elementor-element-72921494 e-con-full e-flex e-con e-child\" data-id=\"72921494\" data-element_type=\"container\">\n\t\t<div class=\"elementor-element elementor-element-34900b23 e-con-full e-flex e-con e-child\" data-id=\"34900b23\" data-element_type=\"container\">\n\t\t\t\t<div class=\"elementor-element elementor-element-22a2b9d9 elementor-widget elementor-widget-heading\" data-id=\"22a2b9d9\" data-element_type=\"widget\" data-widget_type=\"heading.default\">\n\t\t\t\t<div class=\"elementor-widget-container\">\n\t\t\t\t\t<h2 class=\"elementor-heading-title elementor-size-default\">Contact us<\/h2>\t\t\t\t<\/div>\n\t\t\t\t<\/div>\n\t\t\t\t<div class=\"elementor-element elementor-element-43a78829 elementor-widget elementor-widget-text-editor\" data-id=\"43a78829\" data-element_type=\"widget\" data-widget_type=\"text-editor.default\">\n\t\t\t\t<div class=\"elementor-widget-container\">\n\t\t\t\t\t\t\t\t\tAnd very soon we will get<br> in touch with you.\t\t\t\t\t\t\t\t<\/div>\n\t\t\t\t<\/div>\n\t\t\t\t<\/div>\n\t\t<div class=\"elementor-element elementor-element-1492bf65 e-flex e-con-boxed e-con e-child\" data-id=\"1492bf65\" data-element_type=\"container\">\n\t\t\t\t\t<div class=\"e-con-inner\">\n\t\t\t\t<div data-dce-advanced-background-color=\"#01122D\" class=\"elementor-element elementor-element-13bea88d elementor-widget-mobile__width-initial elementor-widget elementor-widget-html\" data-id=\"13bea88d\" data-element_type=\"widget\" data-widget_type=\"html.default\">\n\t\t\t\t<div class=\"elementor-widget-container\">\n\t\t\t\t\t<script charset=\"utf-8\" type=\"text\/javascript\" src=\"\/\/js.hsforms.net\/forms\/embed\/v2.js\"><\/script>\r\n<script>\r\n  hbspt.forms.create({\r\n    region: \"na1\",\r\n    portalId: \"2583031\",\r\n    formId: \"696bbd9e-ca44-410c-a474-af764b0e643a\"\r\n  });\r\n<\/script>\t\t\t\t<\/div>\n\t\t\t\t<\/div>\n\t\t\t\t\t<\/div>\n\t\t\t\t<\/div>\n\t\t\t\t<\/div>\n\t\t\t\t\t<\/div>\n\t\t\t\t<\/div>\n\t\t\t\t<\/div>\n\t\t\t\t<\/div>\n\t\t\t\t\t\t<\/div>\n\t\t\t\t<\/div>\n\t\t\t\t<\/div>\n\t\t<div data-dce-background-color=\"#031B3F\" class=\"elementor-element elementor-element-05bc9c4 e-flex e-con-boxed e-con e-parent\" data-id=\"05bc9c4\" data-element_type=\"container\" data-settings=\"{&quot;background_background&quot;:&quot;classic&quot;}\">\n\t\t\t\t\t<div class=\"e-con-inner\">\n\t\t\t\t<div class=\"elementor-element elementor-element-abaec77 elementor-widget elementor-widget-heading\" data-id=\"abaec77\" data-element_type=\"widget\" data-widget_type=\"heading.default\">\n\t\t\t\t<div class=\"elementor-widget-container\">\n\t\t\t\t\t<h2 class=\"elementor-heading-title elementor-size-default\">Our offices<\/h2>\t\t\t\t<\/div>\n\t\t\t\t<\/div>\n\t\t\t\t<div class=\"elementor-element elementor-element-f959e21 elementor-widget elementor-widget-spacer\" data-id=\"f959e21\" data-element_type=\"widget\" data-widget_type=\"spacer.default\">\n\t\t\t\t<div class=\"elementor-widget-container\">\n\t\t\t\t\t\t\t<div class=\"elementor-spacer\">\n\t\t\t<div class=\"elementor-spacer-inner\"><\/div>\n\t\t<\/div>\n\t\t\t\t\t\t<\/div>\n\t\t\t\t<\/div>\n\t\t<div class=\"elementor-element elementor-element-1af5e5f e-con-full e-flex e-con e-child\" data-id=\"1af5e5f\" data-element_type=\"container\" data-settings=\"{&quot;background_background&quot;:&quot;classic&quot;}\">\n\t\t<div class=\"elementor-element elementor-element-8b639f5 e-con-full e-flex e-con e-child\" data-id=\"8b639f5\" data-element_type=\"container\">\n\t\t<div class=\"elementor-element elementor-element-9853461 e-con-full e-flex e-con e-child\" data-id=\"9853461\" data-element_type=\"container\">\n\t\t\t\t<div class=\"elementor-element elementor-element-149b000 elementor-widget elementor-widget-heading\" data-id=\"149b000\" data-element_type=\"widget\" data-widget_type=\"heading.default\">\n\t\t\t\t<div class=\"elementor-widget-container\">\n\t\t\t\t\t<h2 class=\"elementor-heading-title elementor-size-default\">Guadalajara<\/h2>\t\t\t\t<\/div>\n\t\t\t\t<\/div>\n\t\t\t\t<div class=\"elementor-element elementor-element-5a2d1ba elementor-widget elementor-widget-image\" data-id=\"5a2d1ba\" data-element_type=\"widget\" data-widget_type=\"image.default\">\n\t\t\t\t<div class=\"elementor-widget-container\">\n\t\t\t\t\t\t\t\t\t\t\t\t\t\t\t<img decoding=\"async\" width=\"39\" height=\"18\" src=\"https:\/\/apto.mx\/wp-content\/uploads\/2024\/06\/ctaArrow-black-1.svg\" class=\"attachment-large size-large wp-image-11012\" alt=\"\" \/>\t\t\t\t\t\t\t\t\t\t\t\t\t\t\t<\/div>\n\t\t\t\t<\/div>\n\t\t\t\t<\/div>\n\t\t\t\t<div class=\"elementor-element elementor-element-f663ef7 elementor-widget elementor-widget-text-editor\" data-id=\"f663ef7\" data-element_type=\"widget\" data-widget_type=\"text-editor.default\">\n\t\t\t\t<div class=\"elementor-widget-container\">\n\t\t\t\t\t\t\t\t\t<p>Ostia 2750 Int. 3, Providencia 2a. <br \/>Secc, 44630 Guadalajara, Jal. <br \/>Mexico<\/p>\t\t\t\t\t\t\t\t<\/div>\n\t\t\t\t<\/div>\n\t\t\t\t<\/div>\n\t\t<div class=\"elementor-element elementor-element-ca4866c e-con-full e-flex e-con e-child\" data-id=\"ca4866c\" data-element_type=\"container\">\n\t\t<div class=\"elementor-element elementor-element-0868aa6 e-flex e-con-boxed e-con e-child\" data-id=\"0868aa6\" data-element_type=\"container\">\n\t\t\t\t\t<div class=\"e-con-inner\">\n\t\t\t\t<div class=\"elementor-element elementor-element-9b452cb elementor-widget elementor-widget-heading\" data-id=\"9b452cb\" data-element_type=\"widget\" data-widget_type=\"heading.default\">\n\t\t\t\t<div class=\"elementor-widget-container\">\n\t\t\t\t\t<h2 class=\"elementor-heading-title elementor-size-default\">Mexico City <\/h2>\t\t\t\t<\/div>\n\t\t\t\t<\/div>\n\t\t\t\t<div class=\"elementor-element elementor-element-d9768c9 elementor-widget elementor-widget-image\" data-id=\"d9768c9\" data-element_type=\"widget\" data-widget_type=\"image.default\">\n\t\t\t\t<div class=\"elementor-widget-container\">\n\t\t\t\t\t\t\t\t\t\t\t\t\t\t\t<img decoding=\"async\" width=\"39\" height=\"18\" src=\"https:\/\/apto.mx\/wp-content\/uploads\/2024\/06\/ctaArrow-black-1.svg\" class=\"attachment-large size-large wp-image-11012\" alt=\"\" \/>\t\t\t\t\t\t\t\t\t\t\t\t\t\t\t<\/div>\n\t\t\t\t<\/div>\n\t\t\t\t\t<\/div>\n\t\t\t\t<\/div>\n\t\t\t\t<div class=\"elementor-element elementor-element-0c322d1 elementor-widget elementor-widget-text-editor\" data-id=\"0c322d1\" data-element_type=\"widget\" data-widget_type=\"text-editor.default\">\n\t\t\t\t<div class=\"elementor-widget-container\">\n\t\t\t\t\t\t\t\t\t<p>Soon<\/p>\t\t\t\t\t\t\t\t<\/div>\n\t\t\t\t<\/div>\n\t\t\t\t<\/div>\n\t\t\t\t<\/div>\n\t\t\t\t\t<\/div>\n\t\t\t\t<\/div>\n\t\t\t\t<\/div>","protected":false},"excerpt":{"rendered":"<p>We are here to make your vision of the future a reality We are here to make your vision of the future a reality Our Offices Guadalajara Ostia 2750 Int. 3, Providencia 2a. Secc, 44630 Guadalajara, Jal. Mexico Mexico City Coming Soon<\/p>","protected":false},"author":1,"featured_media":0,"parent":0,"menu_order":0,"comment_status":"closed","ping_status":"closed","template":"elementor_header_footer","meta":{"_acf_changed":false,"content-type":"","_monsterinsights_skip_tracking":false,"_monsterinsights_sitenote_active":false,"_monsterinsights_sitenote_note":"","_monsterinsights_sitenote_category":0,"footnotes":""},"class_list":["post-9381","page","type-page","status-publish","hentry"],"acf":[],"yoast_head":"<!-- This site is optimized with the Yoast SEO plugin v27.0 - https:\/\/yoast.com\/product\/yoast-seo-wordpress\/ -->\n<title>Cont\u00e1ctanos y transforma tu visi\u00f3n en realidad<\/title>\n<meta name=\"description\" content=\"Hablemos de lo que podemos construir juntos. Creamos productos, servicios y experiencias digitales con un enfoque usuario-c\u00e9ntrico.\" \/>\n<meta name=\"robots\" content=\"index, follow, max-snippet:-1, max-image-preview:large, max-video-preview:-1\" \/>\n<link rel=\"canonical\" href=\"https:\/\/apto.mx\/en\/contacto\/\" \/>\n<meta property=\"og:locale\" content=\"en_US\" \/>\n<meta property=\"og:type\" content=\"article\" \/>\n<meta property=\"og:title\" content=\"Cont\u00e1ctanos y transforma tu visi\u00f3n en realidad\" \/>\n<meta property=\"og:description\" content=\"Hablemos de lo que podemos construir juntos. Creamos productos, servicios y experiencias digitales con un enfoque usuario-c\u00e9ntrico.\" \/>\n<meta property=\"og:url\" content=\"https:\/\/apto.mx\/en\/contacto\/\" \/>\n<meta property=\"og:site_name\" content=\"APTO\" \/>\n<meta property=\"article:publisher\" content=\"https:\/\/www.facebook.com\/apto.innovation\" \/>\n<meta property=\"article:modified_time\" content=\"2024-09-03T17:46:39+00:00\" \/>\n<meta property=\"og:image\" content=\"https:\/\/apto.mx\/wp-content\/uploads\/2024\/08\/Untitled-design.png\" \/>\n\t<meta property=\"og:image:width\" content=\"1200\" \/>\n\t<meta property=\"og:image:height\" content=\"675\" \/>\n\t<meta property=\"og:image:type\" content=\"image\/png\" \/>\n<meta name=\"twitter:card\" content=\"summary_large_image\" \/>\n<meta name=\"twitter:title\" content=\"Cont\u00e1ctanos y transforma tu visi\u00f3n en realidad\" \/>\n<meta name=\"twitter:description\" content=\"Hablemos de lo que podemos construir juntos. Creamos productos, servicios y experiencias digitales con un enfoque usuario-c\u00e9ntrico.\" \/>\n<meta name=\"twitter:image\" content=\"https:\/\/apto.mx\/wp-content\/uploads\/2024\/08\/Untitled-design.png\" \/>\n<meta name=\"twitter:label1\" content=\"Est. reading time\" \/>\n\t<meta name=\"twitter:data1\" content=\"1 minute\" \/>\n<script type=\"application\/ld+json\" class=\"yoast-schema-graph\">{\"@context\":\"https:\/\/schema.org\",\"@graph\":[{\"@type\":\"WebPage\",\"@id\":\"https:\/\/apto.mx\/contacto\/\",\"url\":\"https:\/\/apto.mx\/contacto\/\",\"name\":\"Cont\u00e1ctanos y transforma tu visi\u00f3n en realidad\",\"isPartOf\":{\"@id\":\"https:\/\/apto.mx\/#website\"},\"primaryImageOfPage\":{\"@id\":\"https:\/\/apto.mx\/contacto\/#primaryimage\"},\"image\":{\"@id\":\"https:\/\/apto.mx\/contacto\/#primaryimage\"},\"thumbnailUrl\":\"https:\/\/apto.mx\/wp-content\/uploads\/2024\/06\/ctaArrow-black-1.svg\",\"datePublished\":\"2024-06-04T18:14:30+00:00\",\"dateModified\":\"2024-09-03T17:46:39+00:00\",\"description\":\"Hablemos de lo que podemos construir juntos. Creamos productos, servicios y experiencias digitales con un enfoque usuario-c\u00e9ntrico.\",\"breadcrumb\":{\"@id\":\"https:\/\/apto.mx\/contacto\/#breadcrumb\"},\"inLanguage\":\"en-US\",\"potentialAction\":[{\"@type\":\"ReadAction\",\"target\":[\"https:\/\/apto.mx\/contacto\/\"]}]},{\"@type\":\"ImageObject\",\"inLanguage\":\"en-US\",\"@id\":\"https:\/\/apto.mx\/contacto\/#primaryimage\",\"url\":\"https:\/\/apto.mx\/wp-content\/uploads\/2024\/06\/ctaArrow-black-1.svg\",\"contentUrl\":\"https:\/\/apto.mx\/wp-content\/uploads\/2024\/06\/ctaArrow-black-1.svg\"},{\"@type\":\"BreadcrumbList\",\"@id\":\"https:\/\/apto.mx\/contacto\/#breadcrumb\",\"itemListElement\":[{\"@type\":\"ListItem\",\"position\":1,\"name\":\"Inicio\",\"item\":\"https:\/\/apto.mx\/\"},{\"@type\":\"ListItem\",\"position\":2,\"name\":\"Contacto\"}]},{\"@type\":\"WebSite\",\"@id\":\"https:\/\/apto.mx\/#website\",\"url\":\"https:\/\/apto.mx\/\",\"name\":\"apto.mx\",\"description\":\"Resolvemos retos a trav\u00e9s de dise\u00f1o, estrategia y tecnolog\u00eda.\",\"publisher\":{\"@id\":\"https:\/\/apto.mx\/#organization\"},\"alternateName\":\"APTO\",\"potentialAction\":[{\"@type\":\"SearchAction\",\"target\":{\"@type\":\"EntryPoint\",\"urlTemplate\":\"https:\/\/apto.mx\/?s={search_term_string}\"},\"query-input\":{\"@type\":\"PropertyValueSpecification\",\"valueRequired\":true,\"valueName\":\"search_term_string\"}}],\"inLanguage\":\"en-US\"},{\"@type\":\"Organization\",\"@id\":\"https:\/\/apto.mx\/#organization\",\"name\":\"APTO\",\"url\":\"https:\/\/apto.mx\/\",\"logo\":{\"@type\":\"ImageObject\",\"inLanguage\":\"en-US\",\"@id\":\"https:\/\/apto.mx\/#\/schema\/logo\/image\/\",\"url\":\"https:\/\/apto.mx\/wp-content\/uploads\/2024\/04\/logo-dark.svg\",\"contentUrl\":\"https:\/\/apto.mx\/wp-content\/uploads\/2024\/04\/logo-dark.svg\",\"width\":93,\"height\":56,\"caption\":\"APTO\"},\"image\":{\"@id\":\"https:\/\/apto.mx\/#\/schema\/logo\/image\/\"},\"sameAs\":[\"https:\/\/www.facebook.com\/apto.innovation\",\"https:\/\/medium.com\/apto-magazine\",\"https:\/\/www.instagram.com\/apto.innovation\/\",\"https:\/\/www.linkedin.com\/company\/apto-innovacion\/\",\"https:\/\/www.tiktok.com\/@apto.innovation\"]}]}<\/script>\n<!-- \/ Yoast SEO plugin. -->","yoast_head_json":{"title":"Cont\u00e1ctanos y transforma tu visi\u00f3n en realidad","description":"Hablemos de lo que podemos construir juntos. Creamos productos, servicios y experiencias digitales con un enfoque usuario-c\u00e9ntrico.","robots":{"index":"index","follow":"follow","max-snippet":"max-snippet:-1","max-image-preview":"max-image-preview:large","max-video-preview":"max-video-preview:-1"},"canonical":"https:\/\/apto.mx\/en\/contacto\/","og_locale":"en_US","og_type":"article","og_title":"Cont\u00e1ctanos y transforma tu visi\u00f3n en realidad","og_description":"Hablemos de lo que podemos construir juntos. Creamos productos, servicios y experiencias digitales con un enfoque usuario-c\u00e9ntrico.","og_url":"https:\/\/apto.mx\/en\/contacto\/","og_site_name":"APTO","article_publisher":"https:\/\/www.facebook.com\/apto.innovation","article_modified_time":"2024-09-03T17:46:39+00:00","og_image":[{"width":1200,"height":675,"url":"https:\/\/apto.mx\/wp-content\/uploads\/2024\/08\/Untitled-design.png","type":"image\/png"}],"twitter_card":"summary_large_image","twitter_title":"Cont\u00e1ctanos y transforma tu visi\u00f3n en realidad","twitter_description":"Hablemos de lo que podemos construir juntos. Creamos productos, servicios y experiencias digitales con un enfoque usuario-c\u00e9ntrico.","twitter_image":"https:\/\/apto.mx\/wp-content\/uploads\/2024\/08\/Untitled-design.png","twitter_misc":{"Est. reading time":"1 minute"},"schema":{"@context":"https:\/\/schema.org","@graph":[{"@type":"WebPage","@id":"https:\/\/apto.mx\/contacto\/","url":"https:\/\/apto.mx\/contacto\/","name":"Cont\u00e1ctanos y transforma tu visi\u00f3n en realidad","isPartOf":{"@id":"https:\/\/apto.mx\/#website"},"primaryImageOfPage":{"@id":"https:\/\/apto.mx\/contacto\/#primaryimage"},"image":{"@id":"https:\/\/apto.mx\/contacto\/#primaryimage"},"thumbnailUrl":"https:\/\/apto.mx\/wp-content\/uploads\/2024\/06\/ctaArrow-black-1.svg","datePublished":"2024-06-04T18:14:30+00:00","dateModified":"2024-09-03T17:46:39+00:00","description":"Hablemos de lo que podemos construir juntos. Creamos productos, servicios y experiencias digitales con un enfoque usuario-c\u00e9ntrico.","breadcrumb":{"@id":"https:\/\/apto.mx\/contacto\/#breadcrumb"},"inLanguage":"en-US","potentialAction":[{"@type":"ReadAction","target":["https:\/\/apto.mx\/contacto\/"]}]},{"@type":"ImageObject","inLanguage":"en-US","@id":"https:\/\/apto.mx\/contacto\/#primaryimage","url":"https:\/\/apto.mx\/wp-content\/uploads\/2024\/06\/ctaArrow-black-1.svg","contentUrl":"https:\/\/apto.mx\/wp-content\/uploads\/2024\/06\/ctaArrow-black-1.svg"},{"@type":"BreadcrumbList","@id":"https:\/\/apto.mx\/contacto\/#breadcrumb","itemListElement":[{"@type":"ListItem","position":1,"name":"Inicio","item":"https:\/\/apto.mx\/"},{"@type":"ListItem","position":2,"name":"Contacto"}]},{"@type":"WebSite","@id":"https:\/\/apto.mx\/#website","url":"https:\/\/apto.mx\/","name":"apto.mx","description":"Resolvemos retos a trav\u00e9s de dise\u00f1o, estrategia y tecnolog\u00eda.","publisher":{"@id":"https:\/\/apto.mx\/#organization"},"alternateName":"APTO","potentialAction":[{"@type":"SearchAction","target":{"@type":"EntryPoint","urlTemplate":"https:\/\/apto.mx\/?s={search_term_string}"},"query-input":{"@type":"PropertyValueSpecification","valueRequired":true,"valueName":"search_term_string"}}],"inLanguage":"en-US"},{"@type":"Organization","@id":"https:\/\/apto.mx\/#organization","name":"APTO","url":"https:\/\/apto.mx\/","logo":{"@type":"ImageObject","inLanguage":"en-US","@id":"https:\/\/apto.mx\/#\/schema\/logo\/image\/","url":"https:\/\/apto.mx\/wp-content\/uploads\/2024\/04\/logo-dark.svg","contentUrl":"https:\/\/apto.mx\/wp-content\/uploads\/2024\/04\/logo-dark.svg","width":93,"height":56,"caption":"APTO"},"image":{"@id":"https:\/\/apto.mx\/#\/schema\/logo\/image\/"},"sameAs":["https:\/\/www.facebook.com\/apto.innovation","https:\/\/medium.com\/apto-magazine","https:\/\/www.instagram.com\/apto.innovation\/","https:\/\/www.linkedin.com\/company\/apto-innovacion\/","https:\/\/www.tiktok.com\/@apto.innovation"]}]}},"_links":{"self":[{"href":"https:\/\/apto.mx\/en\/wp-json\/wp\/v2\/pages\/9381","targetHints":{"allow":["GET"]}}],"collection":[{"href":"https:\/\/apto.mx\/en\/wp-json\/wp\/v2\/pages"}],"about":[{"href":"https:\/\/apto.mx\/en\/wp-json\/wp\/v2\/types\/page"}],"author":[{"embeddable":true,"href":"https:\/\/apto.mx\/en\/wp-json\/wp\/v2\/users\/1"}],"replies":[{"embeddable":true,"href":"https:\/\/apto.mx\/en\/wp-json\/wp\/v2\/comments?post=9381"}],"version-history":[{"count":0,"href":"https:\/\/apto.mx\/en\/wp-json\/wp\/v2\/pages\/9381\/revisions"}],"wp:attachment":[{"href":"https:\/\/apto.mx\/en\/wp-json\/wp\/v2\/media?parent=9381"}],"curies":[{"name":"wp","href":"https:\/\/api.w.org\/{rel}","templated":true}]}}